
{"id":407,"date":"2023-05-29T09:05:53","date_gmt":"2023-05-29T08:05:53","guid":{"rendered":"http:\/\/comfortmeuble.com\/?post_type=product&#038;p=407"},"modified":"2023-05-29T09:05:53","modified_gmt":"2023-05-29T08:05:53","slug":"bureau-california","status":"publish","type":"product","link":"http:\/\/comfortmeuble.com\/index.php\/produit\/bureau-california\/","title":{"rendered":"Bureau CALIFORNIA"},"content":{"rendered":"<p>Bureau CALIFORNIA est un bureau de direction \u00e9l\u00e9gant fabriqu\u00e9 en panneau stratifi\u00e9 et High Gloss de finition gris charbon mate, il contient un retour de longueur 160 avec un bloc de 3 tiroirs soft close<\/p>\n","protected":false},"excerpt":{"rendered":"<p>Bureau CALIFORNIA est un bureau de direction \u00e9l\u00e9gant fabriqu\u00e9 en panneau stratifi\u00e9 et High Gloss de finition gris charbon mate, il contient un retour de longueur 160 avec un bloc de 3 tiroirs soft close<\/p>\n","protected":false},"featured_media":417,"comment_status":"closed","ping_status":"closed","template":"","meta":[],"product_cat":[52],"product_tag":[],"_links":{"self":[{"href":"http:\/\/comfortmeuble.com\/index.php\/wp-json\/wp\/v2\/product\/407"}],"collection":[{"href":"http:\/\/comfortmeuble.com\/index.php\/wp-json\/wp\/v2\/product"}],"about":[{"href":"http:\/\/comfortmeuble.com\/index.php\/wp-json\/wp\/v2\/types\/product"}],"replies":[{"embeddable":true,"href":"http:\/\/comfortmeuble.com\/index.php\/wp-json\/wp\/v2\/comments?post=407"}],"wp:featuredmedia":[{"embeddable":true,"href":"http:\/\/comfortmeuble.com\/index.php\/wp-json\/wp\/v2\/media\/417"}],"wp:attachment":[{"href":"http:\/\/comfortmeuble.com\/index.php\/wp-json\/wp\/v2\/media?parent=407"}],"wp:term":[{"taxonomy":"product_cat","embeddable":true,"href":"http:\/\/comfortmeuble.com\/index.php\/wp-json\/wp\/v2\/product_cat?post=407"},{"taxonomy":"product_tag","embeddable":true,"href":"http:\/\/comfortmeuble.com\/index.php\/wp-json\/wp\/v2\/product_tag?post=407"}],"curies":[{"name":"wp","href":"https:\/\/api.w.org\/{rel}","templated":true}]}}