
{"id":169,"date":"2023-05-26T07:01:39","date_gmt":"2023-05-26T06:01:39","guid":{"rendered":"http:\/\/demo.archiwp.com\/archi-industry\/?page_id=169"},"modified":"2023-05-27T13:45:51","modified_gmt":"2023-05-27T12:45:51","slug":"about","status":"publish","type":"page","link":"https:\/\/comfortmeuble.com\/index.php\/about\/","title":{"rendered":"A propos de Nous"},"content":{"rendered":"<p>[vc_row css=&#8221;.vc_custom_1556780827692{padding-top: 90px !important;padding-bottom: 60px !important;}&#8221;][vc_column width=&#8221;1\/2&#8243;][vc_single_image image=&#8221;273&#8243;][vc_custom_heading text=&#8221;Notre Vision&#8221; font_container=&#8221;tag:h3|text_align:left&#8221; use_theme_fonts=&#8221;yes&#8221;][vc_column_text]La vision de Comfort Meuble repose sur les \u00e9l\u00e9ments suivants :<\/p>\n<ul>\n<li>Maintenir une position solide sur le march\u00e9 en proposant une gamme compl\u00e8te et diversifi\u00e9e de meubles, cuisines et portes de haute qualit\u00e9, r\u00e9pondant aux besoins de nos clients et \u00e0 des prix comp\u00e9titifs.<\/li>\n<li>Rester comp\u00e9titif en utilisant des \u00e9quipements de pointe pour fabriquer des produits de grande qualit\u00e9 dans des d\u00e9lais rapides.<\/li>\n<li>Cr\u00e9er des produits qui r\u00e9pondent aux besoins et aux crit\u00e8res des revendeurs, en offrant la possibilit\u00e9 de personnaliser le mobilier selon leurs besoins sp\u00e9cifiques, tout en am\u00e9liorant constamment les designs existants.<\/li>\n<li>Maintenir des relations privil\u00e9gi\u00e9es avec nos partenaires d&#8217;affaires, en travaillant en \u00e9troite collaboration avec eux pour assurer une satisfaction mutuelle et une croissance durable.<\/li>\n<li>Continuer notre croissance en d\u00e9veloppant l&#8217;expertise de nos employ\u00e9s, en investissant dans leur formation et leur d\u00e9veloppement professionnel, afin de maintenir un haut niveau de comp\u00e9tence et de r\u00e9pondre aux besoins changeants de nos clients.<\/li>\n<\/ul>\n<p align=\"justify\">En suivant cette vision, Comfort Meuble aspire \u00e0 \u00eatre un acteur cl\u00e9 dans l&#8217;industrie du mobilier , en offrant des produits de qualit\u00e9 sup\u00e9rieure, des services exceptionnels et en restant \u00e0 l&#8217;avant-garde des tendances et des besoins du march\u00e9. Nous sommes d\u00e9termin\u00e9s \u00e0 fournir \u00e0 nos clients des solutions qui r\u00e9pondent \u00e0 leurs exigences sp\u00e9cifiques tout en offrant un environnement de travail fonctionnel, esth\u00e9tique et inspirant.<\/p>\n<p>[\/vc_column_text][\/vc_column][vc_column width=&#8221;1\/2&#8243;][vc_single_image image=&#8221;272&#8243; img_size=&#8221;full&#8221; onclick=&#8221;link_image&#8221;][vc_custom_heading text=&#8221;Notre Mission&#8221; font_container=&#8221;tag:h3|text_align:left&#8221; use_theme_fonts=&#8221;yes&#8221;][vc_column_text]<\/p>\n<p align=\"justify\">La mission de Comfort Meuble est de proposer une gamme compl\u00e8te de meubles et de portes\u00a0 \u00e0 la fois fonctionnels et esth\u00e9tiques, qui refl\u00e8tent la personnalit\u00e9, l&#8217;esprit et l&#8217;image de nos revendeurs.<\/p>\n<p align=\"justify\">Pour atteindre cette mission, nous nous engageons \u00e0 offrir \u00e0 notre client\u00e8le un service total exceptionnel, ainsi qu&#8217;un soutien technique de la conception jusqu&#8217;\u00e0 la fabrication du mobilier, et ce, avec un niveau de qualit\u00e9 sup\u00e9rieur.<\/p>\n<p align=\"justify\">Tous les membres de notre \u00e9quipe soutiennent et poursuivent cette mission dans un environnement favorisant la communication, la participation et la comp\u00e9tence.<\/p>\n<p align=\"justify\">Nous agissons avec une \u00e9thique \u00e9lev\u00e9e, ce qui nous permet de r\u00e9aliser notre plein potentiel dans notre qu\u00eate d&#8217;excellence dans tout ce que nous entreprenons.<\/p>\n<p align=\"justify\">Nous croyons fermement que notre mission nous guide vers l&#8217;accomplissement des besoins et des attentes de nos clients, en cr\u00e9ant des espaces de travail uniques et inspirants.<\/p>\n<p align=\"justify\">Notre engagement envers la qualit\u00e9, l&#8217;esth\u00e9tique et la satisfaction client est au c\u0153ur de notre d\u00e9marche, et nous travaillons chaque jour pour surpasser les attentes de nos clients et cr\u00e9er des environnements de travail exceptionnels.<\/p>\n<p>[\/vc_column_text][\/vc_column][\/vc_row][vc_row archi_parallax2=&#8221;yes&#8221; el_class=&#8221;text-light&#8221; css=&#8221;.vc_custom_1556781030858{padding-top: 60px !important;padding-bottom: 60px !important;background-image: url(http:\/\/zcneapr.cluster031.hosting.ovh.net\/wp-content\/uploads\/2019\/04\/bg-13.jpg?id=41) !important;}&#8221;][vc_column width=&#8221;1\/3&#8243;]\t<!-- Element: OT Our Facts -->\n\t<div class=\"de_count \">\n                <h3 class=\"timer\" data-to=\"2180\" data-speed=\"2500\">0<\/h3>\n        <span>Heures de Travail<\/span>\n    <\/div>\n\n[\/vc_column][vc_column width=&#8221;1\/3&#8243;]\t<!-- Element: OT Our Facts -->\n\t<div class=\"de_count \">\n                <h3 class=\"timer\" data-to=\"45\" data-speed=\"2500\">0<\/h3>\n        <span>Projets R\u00e9alis\u00e9s<\/span>\n    <\/div>\n\n[\/vc_column][vc_column width=&#8221;1\/3&#8243;]\t<!-- Element: OT Our Facts -->\n\t<div class=\"de_count \">\n                <h3 class=\"timer\" data-to=\"21\" data-speed=\"2500\">0<\/h3>\n        <span>Partenaires Agr\u00e9\u00e9s<\/span>\n    <\/div>\n\n[\/vc_column][\/vc_row][vc_row css=&#8221;.vc_custom_1556780827692{padding-top: 90px !important;padding-bottom: 60px !important;}&#8221;][vc_column width=&#8221;1\/2&#8243;][vc_single_image image=&#8221;279&#8243; img_size=&#8221;full&#8221;][vc_single_image image=&#8221;287&#8243; img_size=&#8221;430&#215;430&#8243;][\/vc_column][vc_column width=&#8221;1\/2&#8243;][vc_custom_heading text=&#8221;Nos Valeurs&#8221; font_container=&#8221;tag:h3|text_align:left&#8221; use_theme_fonts=&#8221;yes&#8221;][vc_column_text]Chez Comfort Meuble, nos valeurs fondamentales sont la Qualit\u00e9, la Performance, l&#8217;Innovation et la satisfaction de nos clients professionnels. Nous nous engageons \u00e0 respecter ces valeurs en mettant en place une d\u00e9marche qualit\u00e9 bas\u00e9e sur la norme ISO 9001. Cette approche vise \u00e0 garantir la satisfaction et la fid\u00e9lisation de nos clients, tout en assurant la p\u00e9rennit\u00e9 de notre entreprise gr\u00e2ce \u00e0 la consolidation de notre capital d&#8217;innovation.<\/p>\n<p>Nous appliquons ces valeurs \u00e0 travers les moyens suivants :<\/p>\n<ul>\n<li>La pertinence et l&#8217;efficacit\u00e9 de notre bureau d&#8217;\u00e9tude, qui travaille avec pr\u00e9cision pour concr\u00e9tiser vos projets et r\u00e9pondre \u00e0 vos besoins sp\u00e9cifiques.<\/li>\n<li>Un service logistique performant, avec des \u00e9quipes de monteurs professionnels qui assurent une livraison et une installation fiables et efficaces de nos produits.<\/li>\n<li>Un service commercial d\u00e9di\u00e9, compos\u00e9 de professionnels comp\u00e9tents et exp\u00e9riment\u00e9s, qui vous conseillent et vous guident tout au long de votre exp\u00e9rience avec nous.<\/li>\n<li>La disponibilit\u00e9 d&#8217;un showroom, o\u00f9 vous pouvez d\u00e9couvrir notre large choix de produits, comprenant des meubles bureautiques, des rangements, des meubles de cuisines des portes et tout meuble de l&#8217;int\u00e9rieur.<\/li>\n<li>La possibilit\u00e9 de b\u00e9n\u00e9ficier d&#8217;une solution &#8220;Cl\u00e9 en main&#8221; si vous le souhaitez, o\u00f9 nous prenons en charge l&#8217;ensemble du processus d&#8217;am\u00e9nagement de votre espace de travail, de la conception \u00e0 l&#8217;installation.<\/li>\n<li>Un suivi personnalis\u00e9 de chaque client, car nous attachons une grande importance \u00e0 \u00e9tablir une relation de confiance et \u00e0 r\u00e9pondre \u00e0 vos besoins sp\u00e9cifiques tout au long de notre collaboration.<\/li>\n<\/ul>\n<p>Chez Comfort Meuble, nous nous effor\u00e7ons de d\u00e9passer les attentes de nos clients en offrant des produits de qualit\u00e9, des services performants et une approche personnalis\u00e9e. Votre satisfaction est notre priorit\u00e9.[\/vc_column_text][\/vc_column][\/vc_row][vc_section][\/vc_section]<\/p>\n","protected":false},"excerpt":{"rendered":"<p>[vc_row css=&#8221;.vc_custom_1556780827692{padding-top: 90px !important;padding-bottom: 60px !important;}&#8221;][vc_column width=&#8221;1\/2&#8243;][vc_single_image image=&#8221;273&#8243;][vc_custom_heading text=&#8221;Notre Vision&#8221; font_container=&#8221;tag:h3|text_align:left&#8221; use_theme_fonts=&#8221;yes&#8221;][vc_column_text]La vision de Comfort Meuble repose sur les \u00e9l\u00e9ments suivants : Maintenir une position solide sur le march\u00e9 en proposant une gamme compl\u00e8te et diversifi\u00e9e de meubles, cuisines et portes de haute qualit\u00e9, r\u00e9pondant aux besoins de nos clients et \u00e0 des prix comp\u00e9titifs. [&hellip;]<\/p>\n","protected":false},"author":1,"featured_media":0,"parent":0,"menu_order":0,"comment_status":"closed","ping_status":"closed","template":"page-templates\/template-fullwidth.php","meta":{"footnotes":""},"_links":{"self":[{"href":"https:\/\/comfortmeuble.com\/index.php\/wp-json\/wp\/v2\/pages\/169"}],"collection":[{"href":"https:\/\/comfortmeuble.com\/index.php\/wp-json\/wp\/v2\/pages"}],"about":[{"href":"https:\/\/comfortmeuble.com\/index.php\/wp-json\/wp\/v2\/types\/page"}],"author":[{"embeddable":true,"href":"https:\/\/comfortmeuble.com\/index.php\/wp-json\/wp\/v2\/users\/1"}],"replies":[{"embeddable":true,"href":"https:\/\/comfortmeuble.com\/index.php\/wp-json\/wp\/v2\/comments?post=169"}],"version-history":[{"count":19,"href":"https:\/\/comfortmeuble.com\/index.php\/wp-json\/wp\/v2\/pages\/169\/revisions"}],"predecessor-version":[{"id":346,"href":"https:\/\/comfortmeuble.com\/index.php\/wp-json\/wp\/v2\/pages\/169\/revisions\/346"}],"wp:attachment":[{"href":"https:\/\/comfortmeuble.com\/index.php\/wp-json\/wp\/v2\/media?parent=169"}],"curies":[{"name":"wp","href":"https:\/\/api.w.org\/{rel}","templated":true}]}}